{"id":1796,"date":"2021-08-27T09:14:47","date_gmt":"2021-08-27T06:14:47","guid":{"rendered":"http:\/\/test.kktyuz.uz\/?page_id=1796"},"modified":"2021-08-30T08:59:47","modified_gmt":"2021-08-30T05:59:47","slug":"teatr-tariyxi","status":"publish","type":"page","link":"https:\/\/kktyuz.uz\/uz\/teatr-tariyxi","title":{"rendered":"Teatr tarix\u0131"},"content":{"rendered":"<p style=\"text-align: center;\"><span style=\"font-size: 14pt;\"><strong>TEATR\u2014TILSIMLI AYNA<\/strong><\/span><\/p>\n<p style=\"text-align: justify;\"><span style=\"font-size: 14pt;\">Qaraqalpaq m\u00e1mleketlik Jas tamashag\u00f3yler teatr\u0131 1978-j\u0131l sh\u00f3lkemlestirilip, \u00f3zini\u0144 birinshi perdesin Qaraqalpaqstan xal\u0131q shay\u0131r\u0131, Qaraqalpaqstan Respublikas\u0131nda miyneti si\u0144gen k\u00f3rkem \u00f3ner \u01f5ayratkeri, Berdaq at\u0131nda\u01f5\u0131 m\u00e1mleketlik s\u0131yl\u0131qt\u0131\u0144 laureat\u0131 belgili dramaturg Ke\u0144esbay Raxmanovt\u0131\u0144 \u201cEglengen b\u00e1h\u00e1r\u201d spektakli menen asht\u0131. Ja\u0144adan ash\u0131l\u01f5an teatr\u01f5a h\u00e1zirgi Berdaq at\u0131nda\u01f5\u0131 Qaraqalpaq m\u00e1mleketlik akademiyal\u0131q muz\u0131kal\u0131 teatr\u0131nan \u00d3zbekstan h\u00e1m Qaraqalpaqstan xal\u0131q artistleri, x\u0131zmet k\u00f3rsetken artistler:S.Allamuratova, X.Saparov, M.Matchanov, S.Utepbergenov, \u01f4.Doshumov, M.Xalmuratova, B.Qay\u0131povlar mir\u00e1t etilip, talantl\u0131 aktyorlardan: D.Kewnimjaev, A.A\u0144satbaev, N.Xojamuratov, S.Dawletova, A.Na\u04efr\u0131zova, J.Jumanov, J.Ab\u0131llaev, A.Axmurzaevalar menen tol\u0131qt\u0131r\u0131ld\u0131.<\/span><\/p>\n<p style=\"text-align: justify;\"><span style=\"font-size: 14pt;\">Teatrd\u0131\u0144 birinshi direktor lawaz\u0131m\u0131nda \u00d3zbekstan, Qaraqalpaqstan h\u00e1m Bashqurtstan xal\u0131q artisti, m\u00e1mleketlik s\u0131yl\u0131qlard\u0131\u0144 laureat\u0131 B.Matchanov bassh\u0131l\u0131q etti. So\u0144\u0131nan Qaraqalpaqstan Respublikas\u0131nda miyneti si\u0144gen k\u00f3rkem \u00f3ner \u01f5ayratkeri B.Sharipov, Qaraqalpaqstan Respublikas\u0131nda miyneti si\u0144gen k\u00f3rkem \u00f3ner \u01f5ayratkeri A.J\u00fazimbetov, \u00d3zbekstan h\u00e1m Qaraqalpaqstan xal\u0131q artisti, Qaraqalpaqstan Respublikas\u0131 Jaslar s\u0131yl\u0131\u01f5\u0131n\u0131\u0144 laureat\u0131 R.Saparova, \u00d3zbekstan h\u00e1m Qaraqalpaqstan\u01f5a miynet si\u0144gen m\u00e1deniyat x\u0131zmetkeri M.E\u0449janov, Qaraqalpaqstan Respublikas\u0131nda x\u0131zmet k\u00f3rsetken m\u00e1deniyat x\u0131zmetkeri J.Turd\u0131muratov, Qaraqalpaqstan Respublikas\u0131nda miyneti si\u0144gen k\u00f3rkem \u00f3ner \u01f5ayratkeri B.Utebaev, J.\u00d3tepbergenovlar islep kelgen. Olar menen birgelikte teatrda h\u00e1r bir saxnalast\u0131r\u0131l\u01f5an h\u00e1r q\u0131yl\u0131 janrlarda\u01f5\u0131 spektakllerdi tamashag\u00f3ylerge k\u00f3teri\u0144ki ruwxta jetkerip beriwde belgili rejissyorlardan: teatrd\u0131\u0144 birinshi bas rejissyor\u0131, \u00d3zbekstan Respublikas\u0131 xal\u0131q artisti, Qaraqalpaqstan Respublikas\u0131nda x\u0131zmet k\u00f3rsetken artist, Berdaq at\u0131nda\u01f5\u0131 m\u00e1mleketlik s\u0131yl\u0131qt\u0131\u0144 laureat\u0131, \u201cEl-jurt h\u00farmeti\u201d, \u201cMehnat shuxrati\u201d ordenleri h\u00e1m \u201cMehnat faxriysi\u201d k\u00f3kirek n\u0131shan\u0131 iyesi N.A\u0144satbaev, \u00d3zbekstan Respublikas\u0131na x\u0131zmet k\u00f3rsetken, Qaraqalpaqstan xal\u0131q artisti, Berdaq at\u0131nda\u01f5\u0131 m\u00e1mleketlik s\u0131yl\u0131qt\u0131\u0144 laureat\u0131 R.T\u00f3reniyazov, Qaraqalpaqstan Respublikas\u0131nda miyneti si\u0144gen k\u00f3rkem \u00f3ner \u01f5ayratkeri B.Utebaev, A.Sharipov, A.Efremov, \u00d3zbekstan Respublikas\u0131nda miyneti si\u0144gen m\u00e1deniyat x\u0131zmetkeri \u00cd.Aybatovlar, belgili dramaturglardan \u00d3zbekstan Qaharman\u0131, \u00d3zbekstan h\u00e1m Qaraqalpaqstan xal\u0131q jaz\u0131wsh\u0131s\u0131, m\u00e1mleketlik s\u0131yl\u0131qlard\u0131\u0144 laureat\u0131 T.Qay\u0131pbergenov, \u00d3zbekstan Respublikas\u0131nda miyneti si\u0144gen k\u00f3rkem \u00f3ner \u01f5ayratkeri, Qaraqalpaqstan xal\u0131q jaz\u0131wsh\u0131s\u0131, Berdaq at\u0131nda\u01f5\u0131 m\u00e1mleketlik s\u0131yl\u0131qt\u0131\u0144 laureat\u0131 S.Xojaniyazov, Qaraqalpaqstan xal\u0131q shay\u0131r\u0131, Qaraqalpaqstan Respublikas\u0131nda miyneti si\u0144gen k\u00f3rkem\u00f3ner \u01f5ayratkeri, Berdaq at\u0131nda\u01f5\u0131 m\u00e1mleketlik s\u0131yl\u0131qt\u0131\u0144 laureat\u0131 K.Raxmanov, Qaraqalpaqstan xal\u0131q shay\u0131r\u0131, \u201cEl-jurt h\u00farmeti\u201d ordeni iyesi K.K\u00e1rimov, Qaraqalpaqstan Respublikas\u0131na x\u0131zmet k\u00f3rsetken m\u00e1deniyat x\u0131zmetkeri G.Tursunova, Qaraqalpaqstan xal\u0131q jaz\u0131wsh\u0131s\u0131 A.Sultanov, Qaraqalpaqstan Respublikas\u0131nda miyneti si\u0144gen k\u00f3rkem \u00f3ner \u01f5ayratkeri P.Aytmuratov, Qaraqalpaqstan Respublikas\u0131nda miyneti si\u0144gen m\u00e1deniyat x\u0131zmetkeri A.Utepbergenov, S.Juma\u01f5ulov, J.Xojanovlar h\u00e1m belgili xudojniklerden: Qaraqalpaqstan Respublikas\u0131na miyneti si\u0144gen k\u00f3rkem \u00f3ner \u01f5ayratkeri B.Nur\u0131mbetov, \u00d3zbekstan h\u00e1m Qaraqalpaqstan xal\u0131q xudojnigi, Berdaq at\u0131nda\u01f5\u0131 m\u00e1mleketlik s\u0131yl\u0131qt\u0131\u0144 laureat\u0131 I.Alibekov h\u00e1m Qaraqalpaqstan Respublikas\u0131nda miyneti si\u0144gen k\u00f3rkem \u00f3ner \u01f5ayratkeri B.Aytmuratovlar, sonday-aq, teatrd\u0131\u0144 birinshi \u00e1debiy b\u00f3lim basl\u0131\u01f5\u0131, Qaraqalpaqstan Respublikas\u0131nda miyneti si\u0144gen m\u00e1deniyat x\u0131zmetkeri G.Tursunovalar piday\u0131 miynetleri menen tamashag\u00f3yler al\u01f5\u0131s\u0131na miyasar bol\u01f5an.<\/span><\/p>\n<p style=\"text-align: justify;\"><span style=\"font-size: 14pt;\">Teatr \u00f3zini\u0144 d\u00f3retiwshilik topar\u0131n\u0131\u0144 t\u00e1jiriybesin artt\u0131r\u0131wda \u00d3zbekstan Respublikas\u0131 M\u00e1deniyat ministrligi, Qaraqalpaqstan Respublikas\u0131 Joqar\u01f5\u0131 Ke\u0144esi h\u00e1m Qaraqalpaqstan Respublikas\u0131 M\u00e1deniyat ministrligi jaq\u0131nnan j\u00e1rdem berip \u00d3zbekstan Respublikas\u0131 h\u00e1m j\u00e1h\u00e1n k\u00f3leminde \u00f3tkerilgen teatrlar festivallar\u0131nda qatnast\u0131. 1990-j\u0131l\u0131 teatr j\u00e1m\u00e1\u00e1ti Tashkent qalas\u0131nda \u00f3tkerilgen \u201cI Regionall\u0131q Orta Aziya h\u00e1m Qazaqstan jas tamashag\u00f3yler teatrlar\u0131 festivali\u201dnda, 1998-j\u0131l\u0131 Tashkent qalas\u0131nda \u00f3tkerilgen I-xal\u0131qaral\u0131q \u201cXUMO\u201d festivalinda, 2007-j\u0131l\u0131 1-7-aprel k\u00fanleri T\u00farkmenstan Respublikas\u0131n\u0131\u0144 Ashqabad qalas\u0131nda \u00f3tkerilgen \u201cFolklor h\u00e1m milliy teatrlar Xal\u0131qaral\u0131q festival\u0131\u201dnda, 2007-j\u0131l\u0131 1-11-sentyabrde M\u0131srd\u0131\u0144 Kair qalas\u0131nda \u201cXIX xal\u0131qaral\u0131q eksperimental teatrlar festival\u0131\u201dnda, 2011-j\u0131l\u0131 Tashkent qalas\u0131nda \u00f3tkerilgen \u201cTeatrWz\u201d II xal\u0131qaral\u0131q teatrlar festivallarinda,<\/span><br \/>\n<span style=\"font-size: 14pt;\">2001-j\u0131l \u00dargenish qalas\u0131nda, 2003-j\u0131l Tashkent qalas\u0131nda \u00f3tkerilgen \u201cQaraqalpaq m\u00e1deniyat\u0131 h\u00e1m \u00e1debiyat\u0131 k\u00fanleri\u201dnde, 2006-j\u0131l\u0131 \u201cSeni j\u0131rlaym\u0131z, zamanlas!\u201d, 2008-j\u0131l\u0131 jas rejissyorlard\u0131\u0144 \u201cDebyut-2008\u201d, \u201cSarhisob\u201d, \u201cNavrwz arafasida\u201d s\u0131yaql\u0131 festivallar\u0131nda qatnas\u0131w\u01f5a miyasar bold\u0131.<\/span><\/p>\n<p style=\"text-align: justify;\"><span style=\"font-size: 14pt;\">2003-j\u0131ld\u0131\u0144 1-dekabrinde teatrd\u0131\u0144 25 j\u0131ll\u0131q yubileyi saltanatl\u0131 t\u00farde \u00f3tkerilgen h\u00e1m Qaraqalpaqstan Respublikas\u0131 Joqar\u01f5\u0131 Ke\u0144esi Prezidium\u0131n\u0131\u0144 \u201cH\u00farmet jarl\u0131\u01f5\u0131\u201d menen s\u0131yl\u0131qlan\u01f5an.<\/span><br \/>\n<span style=\"font-size: 14pt;\">2018-j\u0131l 25-avgust k\u00fani teatr \u00f3zini\u0144 taza binas\u0131n\u0131\u0144 ash\u0131l\u0131w saltanat\u0131n \u00f3tkerdi. Bul keshede \u00d3zbekstan Respublikas\u0131 Prezidenti apparat\u0131, \u00d3zbekstan Respublikas\u0131 M\u00e1deniyat ministrligi, Qaraqalpaqstan Respublikas\u0131 Joqar\u01f5\u0131 Ke\u0144esi, Qaraqalpaqstan Respublikas\u0131 Ministrler Ke\u0144esi, Qaraqalpaqstan Respublikas\u0131 M\u00e1deniyat ministrligi h\u00e1m basqa da sh\u00f3lkemlerden miymanlar saltanatl\u0131 kesheni al\u0131p bar\u0131wda belsendi qatnast\u0131 h\u00e1m teatr\u01f5a bahal\u0131 saw\u01f5alar\u0131n inam etti.<\/span><br \/>\n<span style=\"font-size: 14pt;\">Qaraqalpaqstan Respublikas\u0131na x\u0131zmet k\u00f3rsetken k\u00f3rkem \u00f3ner \u01f5ayratkeri P.Aytmuratov b\u00fagingi k\u00fande teatr\u01f5a bassh\u0131l\u0131q etip kelmekte. \u00d3zbekstan Respublikas\u0131nda miyneti si\u0144gen m\u00e1deniyat x\u0131zmetkeri \u00cd.Aybatov teatr\u01f5a bas rejissyorl\u0131q etip at\u0131r\u01f5an bolsa, rejissyorlar A.Qudaynazarov h\u00e1m \u00d3.Bektur\u01f5anovlar repertuard\u0131 bay\u0131tatu\u01f5\u0131n e\u0144 jaqs\u0131 spektakllerdi saxnalat\u0131r\u0131p kelmekte. Teatrd\u0131\u0144 h\u00e1zirgi d\u00f3retiwshilik topar\u0131na ustazl\u0131q etip kiyat\u0131r\u01f5an \u00d3zbekstan Respublikas\u0131nda x\u0131zmet k\u00f3rsetken artist L.Xal\u0131qnazarova, Qaraqalpaqstan Respublikas\u0131nda x\u0131zmet k\u00f3rsetken artistler A.Nawr\u0131zova, J.Abdimovlar, Qaraqalpaqstan jaslar s\u0131yl\u0131\u01f5\u0131n\u0131\u0144 laureat\u0131 R.Piyazova, talantl\u0131 aktyor-aktrisalardan: R.Urazbaev, Q.Kubesova, J.Ab\u0131llaev, M.Nuratdinov, G.Yusupova, S.Arziev, jas talant iyeleri, \u00d3zbekstan m\u00e1mleketlik k\u00f3rkem \u00f3ner h\u00e1m m\u00e1deniyat institut\u0131 N\u00f3kis filial\u0131 pitkerip d\u00f3retiwshilik jum\u0131slar\u0131n al\u0131p bar\u0131p at\u0131r\u01f5an aktyorlar: B.Japarov, R.Tlemisov, P.T\u00f3legenov, P.Kelimbetov, Sh.Dawletmuratov, I.Begjanov, R.Jarimbetov, aktrisalar A.\u00d3tepbergenova, G.Jaymanova, G.Japarova, G.Seytimovalar, solar menen bir qatarda Q.Japarov, M.Kuldasova, J.Aytnazarova, A.Bay\u0131mbetova, N.Dosnazarov, A.T\u00f3remuratov, S.Atamuratova,Z.Uzaqbergenova, S.A\u0144satbaev, G.Pirniyazovalar bir neshe j\u0131llardan berli x\u0131zmet k\u00f3rsetip kelmekte.<\/span><br \/>\n<span style=\"font-size: 14pt;\">2019 j\u0131ld\u0131\u0144 10-15-iyun k\u00fanleri Qaraqalpaqstan Respublikas\u0131nda birinshi m\u00e1rte \u00abSeni j\u0131rlaym\u0131z, zamanlas!\u201d \u00d3zbekstan teatrlar\u0131n\u0131\u0144 V Respublika k\u00f3rik festival\u0131 k\u00f3teri\u0144ki ruwxta bol\u0131p \u00f3tti. Festival\u01f5a Qaraqalpaq m\u00e1mleketlik jas tamashag\u00f3yler teatr\u0131 B.Aytmuratt\u0131\u0144 \u201cMoynaqta bax\u0131tt\u0131\u0144 ta\u0144lar\u0131 att\u0131\u201d h\u00e1m festivaldan t\u0131sqar\u0131 Dzyundzi Kinositan\u0131\u0144 \u201cT\u0131rna p\u00e1rleri\u201d spektaklleri menen qatnast\u0131. Festival juwma\u01f5\u0131nda teatr B.Aytmuratt\u0131\u0144 \u201cMoynaqta bax\u0131tt\u0131\u0144 ta\u0144lar\u0131 att\u0131\u201d spektakli menen \u201cE\u0144 jaqs\u0131 dramaturgiya\u201d nominaciyas\u0131 menen s\u0131yl\u0131qland\u0131. Sonday-aq, teatr direktor\u0131 P.Aytmuratov h\u00e1m de direktor or\u0131nbasar\u0131 A.Seytovqa festivald\u0131\u0144 sh\u00f3lkemlestiriwshilik jum\u0131slar\u0131nda belsendilik k\u00f3rsetkeni ush\u0131n \u00d3zbekstan Respublikas\u0131 M\u00e1deniyat ministrligi h\u00e1m Qaraqalpaqstan Respublikas\u0131 Ministrler Ke\u0144esi t\u00e1repinen \u201cMinnetdarsh\u0131l\u0131q xat\u0131\u201d berildi. Qaraqalpaqstan Respublikas\u0131 M\u00e1deniyat ministrligi t\u00e1repinen teatr\u0131m\u0131z\u01f5a festivalda belsendilik k\u00f3rsetkeni ush\u0131n \u201cH\u00farmet jarl\u0131\u01f5\u0131\u201d taps\u0131r\u0131ld\u0131 h\u00e1m teatr rejissyor\u0131 \u00d3.Bektur\u01f5anov \u201cJas rejissyor\u201d nominaciyas\u0131 menen s\u0131yl\u0131qland\u0131.<\/span><br \/>\n<span style=\"font-size: 14pt;\">Qaraqalpaq m\u00e1mleketlik Jas tamashag\u00f3yler teatr\u0131 b\u00fagingi k\u00fange shekem 170 ten art\u0131q spektakllerdi saxnalast\u0131r\u01f5an bolsa, h\u00e1zirgi k\u00fande teatrda jergilikli h\u00e1m s\u0131rt el dramaturglerini\u0144 klassik sh\u0131\u01f5armalar\u0131 saxnalast\u0131r\u0131lmaqta h\u00e1m teatr repertuar\u0131 bay\u0131p barmaqta.<\/span><\/p>\n<p>&nbsp;<br \/>\n<script><\/script><\/p>\n","protected":false},"excerpt":{"rendered":"<p>TEATR\u2014TILSIMLI AYNA Qaraqalpaq m\u00e1mleketlik Jas tamashag\u00f3yler teatr\u0131 1978-j\u0131l sh\u00f3lkemlestirilip, \u00f3zini\u0144 birinshi perdesin Qaraqalpaqstan xal\u0131q shay\u0131r\u0131, Qaraqalpaqstan Respublikas\u0131nda miyneti si\u0144gen k\u00f3rkem [&hellip;]<\/p>\n","protected":false},"author":1,"featured_media":0,"parent":0,"menu_order":0,"comment_status":"closed","ping_status":"closed","template":"","meta":[],"_links":{"self":[{"href":"https:\/\/kktyuz.uz\/uz\/wp-json\/wp\/v2\/pages\/1796"}],"collection":[{"href":"https:\/\/kktyuz.uz\/uz\/wp-json\/wp\/v2\/pages"}],"about":[{"href":"https:\/\/kktyuz.uz\/uz\/wp-json\/wp\/v2\/types\/page"}],"author":[{"embeddable":true,"href":"https:\/\/kktyuz.uz\/uz\/wp-json\/wp\/v2\/users\/1"}],"replies":[{"embeddable":true,"href":"https:\/\/kktyuz.uz\/uz\/wp-json\/wp\/v2\/comments?post=1796"}],"version-history":[{"count":7,"href":"https:\/\/kktyuz.uz\/uz\/wp-json\/wp\/v2\/pages\/1796\/revisions"}],"predecessor-version":[{"id":1848,"href":"https:\/\/kktyuz.uz\/uz\/wp-json\/wp\/v2\/pages\/1796\/revisions\/1848"}],"wp:attachment":[{"href":"https:\/\/kktyuz.uz\/uz\/wp-json\/wp\/v2\/media?parent=1796"}],"curies":[{"name":"wp","href":"https:\/\/api.w.org\/{rel}","templated":true}]}}